{"id":10,"date":"2010-12-26T13:54:02","date_gmt":"2010-12-26T13:54:02","guid":{"rendered":"https:\/\/www.philon.be\/?page_id=10"},"modified":"2024-04-26T19:32:42","modified_gmt":"2024-04-26T19:32:42","slug":"mon-grand-pere","status":"publish","type":"page","link":"https:\/\/www.philon.be\/?page_id=10","title":{"rendered":"Mon Grand P\u00e8re"},"content":{"rendered":"<p><a href=\"https:\/\/www.philon.be\/wp-content\/uploads\/2010\/12\/Grand-Pere1.jpg\"><img loading=\"lazy\" decoding=\"async\" class=\"alignnone size-full wp-image-13\" title=\"Grand Pere\" src=\"https:\/\/www.philon.be\/wp-content\/uploads\/2010\/12\/Grand-Pere1.jpg\" alt=\"\" width=\"982\" height=\"638\" srcset=\"https:\/\/www.philon.be\/wp-content\/uploads\/2010\/12\/Grand-Pere1.jpg 1636w, https:\/\/www.philon.be\/wp-content\/uploads\/2010\/12\/Grand-Pere1-300x195.jpg 300w, https:\/\/www.philon.be\/wp-content\/uploads\/2010\/12\/Grand-Pere1-1024x665.jpg 1024w\" sizes=\"auto, (max-width: 982px) 100vw, 982px\" \/><\/a>Mon Grand P\u00e8re menant mon P\u00e8re et mon Oncle au Coll\u00e8ge \u00e0 \u00a0Li\u00e8ge vers 1940<\/p>\n","protected":false},"excerpt":{"rendered":"<p>Mon Grand P\u00e8re menant mon P\u00e8re et mon Oncle au Coll\u00e8ge \u00e0 \u00a0Li\u00e8ge vers 1940<\/p>\n","protected":false},"author":1,"featured_media":0,"parent":0,"menu_order":0,"comment_status":"closed","ping_status":"closed","template":"","meta":{"footnotes":""},"class_list":["post-10","page","type-page","status-publish","hentry"],"_links":{"self":[{"href":"https:\/\/www.philon.be\/index.php?rest_route=\/wp\/v2\/pages\/10","targetHints":{"allow":["GET"]}}],"collection":[{"href":"https:\/\/www.philon.be\/index.php?rest_route=\/wp\/v2\/pages"}],"about":[{"href":"https:\/\/www.philon.be\/index.php?rest_route=\/wp\/v2\/types\/page"}],"author":[{"embeddable":true,"href":"https:\/\/www.philon.be\/index.php?rest_route=\/wp\/v2\/users\/1"}],"replies":[{"embeddable":true,"href":"https:\/\/www.philon.be\/index.php?rest_route=%2Fwp%2Fv2%2Fcomments&post=10"}],"version-history":[{"count":0,"href":"https:\/\/www.philon.be\/index.php?rest_route=\/wp\/v2\/pages\/10\/revisions"}],"wp:attachment":[{"href":"https:\/\/www.philon.be\/index.php?rest_route=%2Fwp%2Fv2%2Fmedia&parent=10"}],"curies":[{"name":"wp","href":"https:\/\/api.w.org\/{rel}","templated":true}]}}